{"id":74,"date":"2022-08-13T01:25:00","date_gmt":"2022-08-13T01:25:00","guid":{"rendered":"https:\/\/cuentosdedonvictor.com\/?page_id=74"},"modified":"2022-08-29T16:42:24","modified_gmt":"2022-08-29T16:42:24","slug":"autor","status":"publish","type":"page","link":"https:\/\/cuentosdedonvictor.com\/index.php\/autor\/","title":{"rendered":"Autor"},"content":{"rendered":"\n<h2 class=\"wp-block-heading\">\u00bfQui\u00e9n es Don V\u00edctor?<\/h2>\n\n\n<div class=\"wp-block-image is-style-rounded\">\n<figure class=\"aligncenter size-full is-resized\"><img loading=\"lazy\" decoding=\"async\" src=\"https:\/\/cuentosdedonvictor.com\/wp-content\/uploads\/2022\/08\/donvictor.jpg\" alt=\"\" class=\"wp-image-76\" width=\"235\" height=\"234\" srcset=\"https:\/\/cuentosdedonvictor.com\/wp-content\/uploads\/2022\/08\/donvictor.jpg 200w, https:\/\/cuentosdedonvictor.com\/wp-content\/uploads\/2022\/08\/donvictor-150x150.jpg 150w\" sizes=\"auto, (max-width: 235px) 100vw, 235px\" \/><figcaption>Don V\u00edctor<\/figcaption><\/figure>\n<\/div>\n\n\n<p>Soy V\u00edctor Ernesto Tercero Talavera, nicarag\u00fcense, un profesional especializado en el desarrollo sostenible, socio-econ\u00f3mico y ambiental de Centroam\u00e9rica, en particular de Nicaragua, con m\u00e1s de cuarenta a\u00f1os de experiencia profesional. He combinado la docencia universitaria con la investigaci\u00f3n te\u00f3rico pr\u00e1ctica en modelos alternativos de producci\u00f3n agroforestal, desarrollo rural, arquitectura sostenible, eco y agroturismo. Soy Arquitecto (UNAN Nicaragua), Posgrado en Planificaci\u00f3n Regional a Nivel Rural, (CERUR Israel\/M\u00e9xicol) Posgrado en Planificaci\u00f3n y Econom\u00eda Territorial (Gosplan Ex URSS, Posgrado en Administraci\u00f3n Funcional de Empresas (INCAE-Nicaragua), Master en Administraci\u00f3n de Empresas (INCAE Costa Rica) y M\u00e1ster en Ciencias, en Recursos Naturales y el Ambiente, Universidad de Barcelona (UAB), posgrado en Pol\u00edtica Forestal (DED Alemania), posgrado en turismo rural, con estudios especializados en Cambio Clim\u00e1tico y Bosques del CATIE.<br><br>Tambi\u00e9n estudi\u00e9 cuatro a\u00f1os en la Escuela Nacional de Bellas Artes de Nicaragua, lo que me dej\u00f3 un gusto especial y un gran amor por el arte nicarag\u00fcense y un gran respeto y admiraci\u00f3n por todos los artistas. \u00a0Adem\u00e1s soy un observador de la historia de Nicaragua, sus paisajes y sus costumbres, en especial de la compleja naturaleza humana. Pertenezco a los Tercero Talavera,  familias muy antiguas del norte, de Nicaragua, muy comprometidas con su historia. Habiendo vivido mi juventud y adultez de manera muy intensa, trabajando por el desarrollo de Nicaragua, por mi profesi\u00f3n he tenido el privilegio de conocer casi todo el territorio de mi pa\u00eds, haciendo estudios y proyectos, lo que me ha permitido, apreciar la diversidad de gentes, paisajes, climas y costumbres regionales que hacen de Nicaragua un lugar fascinante, lleno de historias y leyendas.<\/p>\n\n\n\n<figure class=\"wp-block-image size-full\"><img loading=\"lazy\" decoding=\"async\" width=\"769\" height=\"764\" src=\"https:\/\/cuentosdedonvictor.com\/wp-content\/uploads\/2022\/08\/captura-de-pantalla-e1660353333531.png\" alt=\"\" class=\"wp-image-87\" srcset=\"https:\/\/cuentosdedonvictor.com\/wp-content\/uploads\/2022\/08\/captura-de-pantalla-e1660353333531.png 769w, https:\/\/cuentosdedonvictor.com\/wp-content\/uploads\/2022\/08\/captura-de-pantalla-e1660353333531-300x298.png 300w, https:\/\/cuentosdedonvictor.com\/wp-content\/uploads\/2022\/08\/captura-de-pantalla-e1660353333531-150x150.png 150w\" sizes=\"auto, (max-width: 769px) 100vw, 769px\" \/><figcaption>Disfrutando con Alina, mi compa\u00f1era de viaje.<\/figcaption><\/figure>\n","protected":false},"excerpt":{"rendered":"<p>\u00bfQui\u00e9n es Don V\u00edctor? Soy V\u00edctor Ernesto Tercero Talavera, nicarag\u00fcense, un profesional especializado en el desarrollo sostenible, socio-econ\u00f3mico y ambiental de Centroam\u00e9rica, en particular de Nicaragua, con m\u00e1s de cuarenta a\u00f1os de experiencia profesional. He combinado la docencia universitaria con la investigaci\u00f3n te\u00f3rico pr\u00e1ctica en modelos alternativos de producci\u00f3n agroforestal, desarrollo rural, arquitectura sostenible, eco y agroturismo. Soy Arquitecto (UNAN Nicaragua), Posgrado en Planificaci\u00f3n Regional a Nivel Rural, (CERUR Israel\/M\u00e9xicol) Posgrado en Planificaci\u00f3n y Econom\u00eda Territorial (Gosplan Ex URSS, Posgrado en Administraci\u00f3n Funcional de Empresas (INCAE-Nicaragua), Master en Administraci\u00f3n de Empresas (INCAE Costa Rica) y M\u00e1ster en Ciencias, en Recursos\u2026<\/p>\n","protected":false},"author":1,"featured_media":0,"parent":0,"menu_order":0,"comment_status":"closed","ping_status":"closed","template":"","meta":{"om_disable_all_campaigns":false,"_monsterinsights_skip_tracking":false,"_monsterinsights_sitenote_active":false,"_monsterinsights_sitenote_note":"","_monsterinsights_sitenote_category":0,"footnotes":""},"class_list":["post-74","page","type-page","status-publish","hentry"],"blocksy_meta":{"styles_descriptor":{"styles":{"desktop":"[data-prefix=\"single_page\"] .entry-header .page-title {--fontSize:30px;} [data-prefix=\"single_page\"] .entry-header .entry-meta {--fontWeight:600;--textTransform:uppercase;--fontSize:12px;--lineHeight:1.3;} [data-prefix=\"single_page\"] [class*=\"ct-container\"] > article[class*=\"post\"] {--has-boxed:var(--false);--has-wide:var(--true);}","tablet":"","mobile":""},"google_fonts":[],"version":5},"page_title_panel":"","has_hero_section":"enabled","cbdbd8ab536c266d838cce0e13997c23":"","hero_section":"type-1","hero_elements":[{"id":"custom_title","enabled":false,"heading_tag":"h1","title":"Inicio","__id":"377ehrd16gJRxOVU5f6F_"},{"id":"custom_description","enabled":true,"description_visibility":{"desktop":true,"tablet":true,"mobile":false},"__id":"ltbVVpdAT7cvhctZ3VJhW"},{"id":"custom_meta","enabled":false,"meta_elements":[{"id":"author","enabled":true,"label":"Por","has_author_avatar":"yes","avatar_size":25},{"id":"post_date","enabled":true,"label":"El","date_format_source":"default","date_format":"M j, Y"},{"id":"updated_date","enabled":false,"label":"El","date_format_source":"default","date_format":"M j, Y"},{"id":"categories","enabled":false,"label":"Dentro","style":"simple"},{"id":"comments","enabled":true}],"page_meta_elements":{"joined":true,"articles_count":true,"comments":true},"__id":"s1SDIK3KXAnUi2J8OEqMR"},{"id":"breadcrumbs","enabled":false,"__id":"s1AwubEZnkthyelgThrJi"}],"131a6175a0316d263ba808f82b6e1c48":"","hero_alignment1":"CT_CSS_SKIP_RULE","hero_margin":40,"hero_alignment2":"center","hero_vertical_alignment":"center","1cbfc0ef4164fd7619c6496e643884b2":"","hero_structure":"narrow","b4d05fbce7f9e96f2b1c70b97099ddbf":"","page_title_bg_type":"featured_image","custom_hero_background":{"attachment_id":null},"page_title_image_size":"full","parallax":{"desktop":false,"tablet":false,"mobile":false},"f9de418b39ca3944d456726cf3e35040":"","hero_height":"250px","pageTitleFont":{"family":"Default","variation":"Default","size":"30px","line-height":"CT_CSS_SKIP_RULE","letter-spacing":"CT_CSS_SKIP_RULE","text-transform":"CT_CSS_SKIP_RULE","text-decoration":"CT_CSS_SKIP_RULE"},"pageTitleFontColor":{"default":{"color":"CT_CSS_SKIP_RULEDEFAULT"}},"pageMetaFont":{"family":"Default","variation":"n6","size":"12px","line-height":"1.3","letter-spacing":"CT_CSS_SKIP_RULE","text-transform":"uppercase","text-decoration":"CT_CSS_SKIP_RULE"},"pageMetaFontColor":{"default":{"color":"CT_CSS_SKIP_RULEDEFAULT"},"hover":{"color":"CT_CSS_SKIP_RULEDEFAULT"}},"page_meta_button_type_font_colors":{"default":{"color":"CT_CSS_SKIP_RULEDEFAULT"},"hover":{"color":"CT_CSS_SKIP_RULEDEFAULT"}},"page_meta_button_type_background_colors":{"default":{"color":"CT_CSS_SKIP_RULEDEFAULT"},"hover":{"color":"CT_CSS_SKIP_RULEDEFAULT"}},"pageExcerptFont":{"family":"Default","variation":"Default","size":"CT_CSS_SKIP_RULE","line-height":"CT_CSS_SKIP_RULE","letter-spacing":"CT_CSS_SKIP_RULE","text-transform":"CT_CSS_SKIP_RULE","text-decoration":"CT_CSS_SKIP_RULE"},"pageExcerptColor":{"default":{"color":"CT_CSS_SKIP_RULEDEFAULT"}},"breadcrumbsFont":{"family":"Default","variation":"Default","size":"CT_CSS_SKIP_RULE","line-height":"CT_CSS_SKIP_RULE","letter-spacing":"CT_CSS_SKIP_RULE","text-transform":"CT_CSS_SKIP_RULE","text-decoration":"CT_CSS_SKIP_RULE"},"breadcrumbsFontColor":{"default":{"color":"CT_CSS_SKIP_RULEDEFAULT"},"initial":{"color":"CT_CSS_SKIP_RULEDEFAULT"},"hover":{"color":"CT_CSS_SKIP_RULEDEFAULT"}},"pageTitleOverlay":{"background_type":"color","background_pattern":"type-1","background_image":{"attachment_id":null,"x":0,"y":0},"gradient":"linear-gradient(135deg,rgba(6,147,227,1) 0%,rgb(155,81,224) 100%)","background_repeat":"repeat","background_size":"auto","background_attachment":"scroll","patternColor":{"default":{"color":"#e5e7ea"}},"overlayColor":{"default":{"color":"CT_CSS_SKIP_RULE"}},"backgroundColor":{"default":{"color":"CT_CSS_SKIP_RULE"}}},"pageTitleBackground":{"background_type":"color","background_pattern":"type-1","background_image":{"attachment_id":null,"x":0,"y":0},"gradient":"linear-gradient(135deg,rgba(6,147,227,1) 0%,rgb(155,81,224) 100%)","background_repeat":"repeat","background_size":"auto","background_attachment":"scroll","patternColor":{"default":{"color":"#e5e7ea"}},"overlayColor":{"default":{"color":"CT_CSS_SKIP_RULE"}},"backgroundColor":{"default":{"color":"var(--paletteColor6)"}}},"pageTitlePadding":{"top":"50px","bottom":"50px","left":"auto","right":"auto","linked":true},"b106afb2a42327670999e9bb00085c5a":"","page_structure_type":"type-3","619d708c51d1221082fb09d3c2ab1f18":"","content_style_source":"custom","content_style":{"0":"w","1":"i","2":"d","3":"e","desktop":"wide","tablet":"wide","mobile":"wide","__changed":[]},"vertical_spacing_source":"custom","content_area_spacing":"both","background":{"background_type":"color","background_pattern":"type-1","background_image":{"attachment_id":null,"x":0,"y":0},"gradient":"linear-gradient(135deg,rgba(6,147,227,1) 0%,rgb(155,81,224) 100%)","background_repeat":"repeat","background_size":"auto","background_attachment":"scroll","patternColor":{"default":{"color":"#e5e7ea"}},"overlayColor":{"default":{"color":"CT_CSS_SKIP_RULE"}},"backgroundColor":{"default":{"color":"CT_CSS_SKIP_RULE"}}},"content_background":{"background_type":"color","background_pattern":"type-1","background_image":{"attachment_id":null,"x":0,"y":0},"gradient":"linear-gradient(135deg,rgba(6,147,227,1) 0%,rgb(155,81,224) 100%)","background_repeat":"repeat","background_size":"auto","background_attachment":"scroll","patternColor":{"default":{"color":"#e5e7ea"}},"overlayColor":{"default":{"color":"CT_CSS_SKIP_RULE"}},"backgroundColor":{"default":{"color":"var(--paletteColor8)"}}},"content_boxed_shadow":{"inherit":false,"blur":18,"spread":-6,"v_offset":12,"h_offset":0,"inset":false,"enable":true,"color":{"color":"rgba(34, 56, 101, 0.04)"}},"content_boxed_border":{"width":1,"style":"none","color":{"color":"rgba(44,62,80,0.2)"}},"content_boxed_radius":{"top":"3px","bottom":"3px","left":"3px","right":"3px","linked":true},"boxed_content_spacing":{"desktop":{"top":"40px","bottom":"40px","left":"40px","right":"40px","linked":true},"tablet":{"top":"35px","bottom":"35px","left":"35px","right":"35px","linked":true},"mobile":{"top":"20px","bottom":"20px","left":"20px","right":"20px","linked":true}},"62f2d571f3a8dc2927b289907e20047a":"","disable_featured_image":"no","disable_share_box":"no","disable_header":"no","disable_footer":"no","bfc12b6a16adec0296b7081bfbaf0500":"","176c165b0c690c276d5f77a05bef16ae":"","1779e1d7bf7161214f4e19dddf7f178f":"","df498344c51b90c32d832b6aee7f023d":"","b4cde8715d2cfd2fcb799e28acc0af67":"","532384a1f9567a2674f947168c84b538":"","64ea13727fe2fcd1194eb8b4f4e3ac46":"","2270e7f268eaddbcf3f86f6fc4550974":"","2e08d454f3f0f7e3e1a68ad79870e884":"","c175b6a1ecc00ebd4832e5944750b9dc":"","904cefab6b9bb47beaee679604025748":"","6d09307dd7e2564357bb3d000bf7ee6d":"","9e7373c32ee0e0819fa2acce4a38a899":"","ad33d78c85e475cbd15683f1319584ea":"","691da2ee837b8b8bf714d94e6c015229":"","9210e4b63268b3c9f6f0660ad89c250c":""},"aioseo_notices":[],"_links":{"self":[{"href":"https:\/\/cuentosdedonvictor.com\/index.php\/wp-json\/wp\/v2\/pages\/74","targetHints":{"allow":["GET"]}}],"collection":[{"href":"https:\/\/cuentosdedonvictor.com\/index.php\/wp-json\/wp\/v2\/pages"}],"about":[{"href":"https:\/\/cuentosdedonvictor.com\/index.php\/wp-json\/wp\/v2\/types\/page"}],"author":[{"embeddable":true,"href":"https:\/\/cuentosdedonvictor.com\/index.php\/wp-json\/wp\/v2\/users\/1"}],"replies":[{"embeddable":true,"href":"https:\/\/cuentosdedonvictor.com\/index.php\/wp-json\/wp\/v2\/comments?post=74"}],"version-history":[{"count":16,"href":"https:\/\/cuentosdedonvictor.com\/index.php\/wp-json\/wp\/v2\/pages\/74\/revisions"}],"predecessor-version":[{"id":207,"href":"https:\/\/cuentosdedonvictor.com\/index.php\/wp-json\/wp\/v2\/pages\/74\/revisions\/207"}],"wp:attachment":[{"href":"https:\/\/cuentosdedonvictor.com\/index.php\/wp-json\/wp\/v2\/media?parent=74"}],"curies":[{"name":"wp","href":"https:\/\/api.w.org\/{rel}","templated":true}]}}