{"id":5,"date":"2021-07-01T23:19:46","date_gmt":"2021-07-01T23:19:46","guid":{"rendered":"https:\/\/cuentosdedonvictor.com\/?page_id=5"},"modified":"2022-09-04T02:20:10","modified_gmt":"2022-09-04T02:20:10","slug":"crea-tu-web-con-bloques","status":"publish","type":"page","link":"https:\/\/cuentosdedonvictor.com\/","title":{"rendered":"Bienvenidos"},"content":{"rendered":"\n<h2 class=\"alignwide has-text-align-wide has-gigantic-font-size wp-block-heading\" style=\"line-height:1.1\">La vida es un cuento<\/h2>\n\n\n<div class=\"wp-block-image\">\n<figure class=\"aligncenter size-full\"><img loading=\"lazy\" decoding=\"async\" width=\"604\" height=\"453\" src=\"https:\/\/cuentosdedonvictor.com\/wp-content\/uploads\/2022\/08\/donvictorleyendo.jpg\" alt=\"\" class=\"wp-image-113\" srcset=\"https:\/\/cuentosdedonvictor.com\/wp-content\/uploads\/2022\/08\/donvictorleyendo.jpg 604w, https:\/\/cuentosdedonvictor.com\/wp-content\/uploads\/2022\/08\/donvictorleyendo-300x225.jpg 300w\" sizes=\"auto, (max-width: 604px) 100vw, 604px\" \/><figcaption>Disfrutando la libertad de la lectura<\/figcaption><\/figure>\n<\/div>\n\n\n<p>Ya muy adentrado en a\u00f1os, quiero compartir muchas de mis vivencias, sue\u00f1os, observaciones, opiniones y pensamientos acerca de lo vivido de gran parte del siglo XX y lo que llevo habitando en este planeta en el siglo XXI, en primer lugar como un legado a las nuevas generaciones de mi familia, y en general a todos los j\u00f3venes que son el relevo generacional de nuestra sociedad, con la esperanza de que vivan plenamente y contribuyan a formar un mundo mejor.<\/p>\n\n\n\n<p>Quiero expresar un especial agradecimiento a mi hijo, Victor Gustavo Tercero G\u00f3mez, Phd. , quien no solo me anim\u00f3 a publicar esta p\u00e1gina web con mis cuentos, sino que me ha brindado un efectivo soporte t\u00e9cnico para que esta p\u00e1gina viera la luz, catapult\u00e1ndome de golpe al siglo XXI, en la tecnolog\u00eda de comunicaci\u00f3n.<\/p>\n\n\n\n<p>Con este blog llamado \u201cLos cuentos de Don Victor\u201d he querido compartir muchas de mis vivencias y experiencias, sin la formalidad del ensayo literario o el rigor de la investigaci\u00f3n cient\u00edfica. As\u00ed que he elegido el cuento, la novela y el relato informal como un medio sencillo y pr\u00e1ctico para expresar mis sentimientos y pensamientos, dejando a mis lectores la tarea de su propia interpretaci\u00f3n. Aunque sea una obviedad, he de decir que soy el \u00fanico responsable de mis escritos y observaciones sobre lo vivido o imaginado, y que los hechos y acontecimientos narrados, biogr\u00e1ficos, autobiogr\u00e1ficos, o simplemente observados,  no necesariamente corresponden con la realidad sino con la interpretaci\u00f3n que yo le doy a dicha realidad, independiente de su ocurrencia hist\u00f3rica. Hay historias reales que solo se pueden contar como si fueran un cuento!&#8230;y hay cuentos que m\u00e1s bien parecen historias reales!&#8230; la diferencia entre una y otra situaci\u00f3n, solo puede ser encontrada por nuestra percepci\u00f3n!<\/p>\n\n\n\n<p>Aquellos interesados en mis escritos, puede ir directamente a mi <a href=\"https:\/\/cuentosdedonvictor.com\/index.php\/blog\/\" title=\"Blog\">blog personal<\/a>.<\/p>\n\n\n\n<figure class=\"wp-block-image size-large\"><img loading=\"lazy\" decoding=\"async\" width=\"1024\" height=\"1024\" src=\"https:\/\/cuentosdedonvictor.com\/wp-content\/uploads\/2022\/08\/Acuarela-de-la-plaza-1024x1024.jpg\" alt=\"\" class=\"wp-image-65\" srcset=\"https:\/\/cuentosdedonvictor.com\/wp-content\/uploads\/2022\/08\/Acuarela-de-la-plaza-1024x1024.jpg 1024w, https:\/\/cuentosdedonvictor.com\/wp-content\/uploads\/2022\/08\/Acuarela-de-la-plaza-300x300.jpg 300w, https:\/\/cuentosdedonvictor.com\/wp-content\/uploads\/2022\/08\/Acuarela-de-la-plaza-150x150.jpg 150w, https:\/\/cuentosdedonvictor.com\/wp-content\/uploads\/2022\/08\/Acuarela-de-la-plaza-768x768.jpg 768w, https:\/\/cuentosdedonvictor.com\/wp-content\/uploads\/2022\/08\/Acuarela-de-la-plaza-1536x1536.jpg 1536w, https:\/\/cuentosdedonvictor.com\/wp-content\/uploads\/2022\/08\/Acuarela-de-la-plaza-2048x2048.jpg 2048w\" sizes=\"auto, (max-width: 1024px) 100vw, 1024px\" \/><figcaption>Patio en mi casa de campo<\/figcaption><\/figure>\n","protected":false},"excerpt":{"rendered":"<p>La vida es un cuento Ya muy adentrado en a\u00f1os, quiero compartir muchas de mis vivencias, sue\u00f1os, observaciones, opiniones y pensamientos acerca de lo vivido de gran parte del siglo XX y lo que llevo habitando en este planeta en el siglo XXI, en primer lugar como un legado a las nuevas generaciones de mi familia, y en general a todos los j\u00f3venes que son el relevo generacional de nuestra sociedad, con la esperanza de que vivan plenamente y contribuyan a formar un mundo mejor. Quiero expresar un especial agradecimiento a mi hijo, Victor Gustavo Tercero G\u00f3mez, Phd. , quien\u2026<\/p>\n","protected":false},"author":2,"featured_media":0,"parent":0,"menu_order":0,"comment_status":"closed","ping_status":"closed","template":"","meta":{"om_disable_all_campaigns":false,"_monsterinsights_skip_tracking":false,"_monsterinsights_sitenote_active":false,"_monsterinsights_sitenote_note":"","_monsterinsights_sitenote_category":0,"footnotes":""},"class_list":["post-5","page","type-page","status-publish","hentry"],"blocksy_meta":{"styles_descriptor":{"styles":{"desktop":"[data-prefix=\"single_page\"] .entry-header .page-title {--fontSize:30px;} [data-prefix=\"single_page\"] .entry-header .entry-meta {--fontWeight:600;--textTransform:uppercase;--fontSize:12px;--lineHeight:1.3;} [data-prefix=\"single_page\"] [class*=\"ct-container\"] > article[class*=\"post\"] {--has-boxed:var(--false);--has-wide:var(--true);}","tablet":"","mobile":""},"google_fonts":[],"version":5},"page_title_panel":"","has_hero_section":"enabled","2bd4934c033d7123088f807aef4b092d":"","hero_section":"type-1","hero_elements":[{"id":"custom_title","enabled":false,"heading_tag":"h1","title":"Inicio","__id":"nHHXI4h669448DfNO0D8g"},{"id":"custom_description","enabled":true,"description_visibility":{"desktop":true,"tablet":true,"mobile":false},"__id":"IB7o5ppVUu48L3PsoISDu"},{"id":"custom_meta","enabled":false,"meta_elements":[{"id":"author","enabled":true,"label":"Por","has_author_avatar":"yes","avatar_size":25},{"id":"post_date","enabled":true,"label":"El","date_format_source":"default","date_format":"M j, Y"},{"id":"updated_date","enabled":false,"label":"El","date_format_source":"default","date_format":"M j, Y"},{"id":"categories","enabled":false,"label":"Dentro","style":"simple"},{"id":"comments","enabled":true}],"page_meta_elements":{"joined":true,"articles_count":true,"comments":true},"__id":"QdidA3TFpVMJQbXCbsM4n"},{"id":"breadcrumbs","enabled":false,"__id":"niW950nbM7YLUKIz3WzqQ"}],"444dbba23dbb4e56b457af1c9ca3513d":"","hero_alignment1":"CT_CSS_SKIP_RULE","hero_margin":40,"hero_alignment2":"center","hero_vertical_alignment":"center","68c0b948dc4b90240dc40c2963ddedcb":"","hero_structure":"narrow","69f4e172dfe1cd3d056436306020aa57":"","page_title_bg_type":"featured_image","custom_hero_background":{"attachment_id":null},"page_title_image_size":"full","parallax":{"desktop":false,"tablet":false,"mobile":false},"511c7c9fa856dba02d9159ffb8964778":"","hero_height":"250px","pageTitleFont":{"family":"Default","variation":"Default","size":"30px","line-height":"CT_CSS_SKIP_RULE","letter-spacing":"CT_CSS_SKIP_RULE","text-transform":"CT_CSS_SKIP_RULE","text-decoration":"CT_CSS_SKIP_RULE"},"pageTitleFontColor":{"default":{"color":"CT_CSS_SKIP_RULEDEFAULT"}},"pageMetaFont":{"family":"Default","variation":"n6","size":"12px","line-height":"1.3","letter-spacing":"CT_CSS_SKIP_RULE","text-transform":"uppercase","text-decoration":"CT_CSS_SKIP_RULE"},"pageMetaFontColor":{"default":{"color":"CT_CSS_SKIP_RULEDEFAULT"},"hover":{"color":"CT_CSS_SKIP_RULEDEFAULT"}},"page_meta_button_type_font_colors":{"default":{"color":"CT_CSS_SKIP_RULEDEFAULT"},"hover":{"color":"CT_CSS_SKIP_RULEDEFAULT"}},"page_meta_button_type_background_colors":{"default":{"color":"CT_CSS_SKIP_RULEDEFAULT"},"hover":{"color":"CT_CSS_SKIP_RULEDEFAULT"}},"pageExcerptFont":{"family":"Default","variation":"Default","size":"CT_CSS_SKIP_RULE","line-height":"CT_CSS_SKIP_RULE","letter-spacing":"CT_CSS_SKIP_RULE","text-transform":"CT_CSS_SKIP_RULE","text-decoration":"CT_CSS_SKIP_RULE"},"pageExcerptColor":{"default":{"color":"CT_CSS_SKIP_RULEDEFAULT"}},"breadcrumbsFont":{"family":"Default","variation":"Default","size":"CT_CSS_SKIP_RULE","line-height":"CT_CSS_SKIP_RULE","letter-spacing":"CT_CSS_SKIP_RULE","text-transform":"CT_CSS_SKIP_RULE","text-decoration":"CT_CSS_SKIP_RULE"},"breadcrumbsFontColor":{"default":{"color":"CT_CSS_SKIP_RULEDEFAULT"},"initial":{"color":"CT_CSS_SKIP_RULEDEFAULT"},"hover":{"color":"CT_CSS_SKIP_RULEDEFAULT"}},"pageTitleOverlay":{"background_type":"color","background_pattern":"type-1","background_image":{"attachment_id":null,"x":0,"y":0},"gradient":"linear-gradient(135deg,rgba(6,147,227,1) 0%,rgb(155,81,224) 100%)","background_repeat":"repeat","background_size":"auto","background_attachment":"scroll","patternColor":{"default":{"color":"#e5e7ea"}},"overlayColor":{"default":{"color":"CT_CSS_SKIP_RULE"}},"backgroundColor":{"default":{"color":"CT_CSS_SKIP_RULE"}}},"pageTitleBackground":{"background_type":"color","background_pattern":"type-1","background_image":{"attachment_id":null,"x":0,"y":0},"gradient":"linear-gradient(135deg,rgba(6,147,227,1) 0%,rgb(155,81,224) 100%)","background_repeat":"repeat","background_size":"auto","background_attachment":"scroll","patternColor":{"default":{"color":"#e5e7ea"}},"overlayColor":{"default":{"color":"CT_CSS_SKIP_RULE"}},"backgroundColor":{"default":{"color":"var(--paletteColor6)"}}},"pageTitlePadding":{"top":"50px","bottom":"50px","left":"auto","right":"auto","linked":true},"4fe66f090d4fe30ba7eaa19bd1182b7a":"","page_structure_type":"type-3","34dbc7c12e6a1907ce2c90121eb3b465":"","content_style_source":"custom","content_style":"wide","vertical_spacing_source":"custom","content_area_spacing":"both","background":{"background_type":"color","background_pattern":"type-1","background_image":{"attachment_id":null,"x":0,"y":0},"gradient":"linear-gradient(135deg,rgba(6,147,227,1) 0%,rgb(155,81,224) 100%)","background_repeat":"repeat","background_size":"auto","background_attachment":"scroll","patternColor":{"default":{"color":"#e5e7ea"}},"overlayColor":{"default":{"color":"CT_CSS_SKIP_RULE"}},"backgroundColor":{"default":{"color":"CT_CSS_SKIP_RULE"}}},"content_background":{"background_type":"color","background_pattern":"type-1","background_image":{"attachment_id":null,"x":0,"y":0},"gradient":"linear-gradient(135deg,rgba(6,147,227,1) 0%,rgb(155,81,224) 100%)","background_repeat":"repeat","background_size":"auto","background_attachment":"scroll","patternColor":{"default":{"color":"#e5e7ea"}},"overlayColor":{"default":{"color":"CT_CSS_SKIP_RULE"}},"backgroundColor":{"default":{"color":"var(--paletteColor8)"}}},"content_boxed_shadow":{"inherit":false,"blur":18,"spread":-6,"v_offset":12,"h_offset":0,"inset":false,"enable":true,"color":{"color":"rgba(34, 56, 101, 0.04)"}},"content_boxed_border":{"width":1,"style":"none","color":{"color":"rgba(44,62,80,0.2)"}},"content_boxed_radius":{"top":"3px","bottom":"3px","left":"3px","right":"3px","linked":true},"boxed_content_spacing":{"desktop":{"top":"40px","bottom":"40px","left":"40px","right":"40px","linked":true},"tablet":{"top":"35px","bottom":"35px","left":"35px","right":"35px","linked":true},"mobile":{"top":"20px","bottom":"20px","left":"20px","right":"20px","linked":true}},"a0225a240baf447ee14b8532a5c55a46":"","disable_featured_image":"no","disable_share_box":"no","disable_header":"no","disable_footer":"no"},"aioseo_notices":[],"_links":{"self":[{"href":"https:\/\/cuentosdedonvictor.com\/index.php\/wp-json\/wp\/v2\/pages\/5","targetHints":{"allow":["GET"]}}],"collection":[{"href":"https:\/\/cuentosdedonvictor.com\/index.php\/wp-json\/wp\/v2\/pages"}],"about":[{"href":"https:\/\/cuentosdedonvictor.com\/index.php\/wp-json\/wp\/v2\/types\/page"}],"author":[{"embeddable":true,"href":"https:\/\/cuentosdedonvictor.com\/index.php\/wp-json\/wp\/v2\/users\/2"}],"replies":[{"embeddable":true,"href":"https:\/\/cuentosdedonvictor.com\/index.php\/wp-json\/wp\/v2\/comments?post=5"}],"version-history":[{"count":20,"href":"https:\/\/cuentosdedonvictor.com\/index.php\/wp-json\/wp\/v2\/pages\/5\/revisions"}],"predecessor-version":[{"id":240,"href":"https:\/\/cuentosdedonvictor.com\/index.php\/wp-json\/wp\/v2\/pages\/5\/revisions\/240"}],"wp:attachment":[{"href":"https:\/\/cuentosdedonvictor.com\/index.php\/wp-json\/wp\/v2\/media?parent=5"}],"curies":[{"name":"wp","href":"https:\/\/api.w.org\/{rel}","templated":true}]}}